{"id":107,"date":"2020-09-28T17:38:07","date_gmt":"2020-09-28T20:38:07","guid":{"rendered":"https:\/\/ignaciovicente.com.ar\/?post_type=product&#038;p=107"},"modified":"2020-09-28T17:49:46","modified_gmt":"2020-09-28T20:49:46","slug":"de-la-serie-conexiones-2","status":"publish","type":"product","link":"https:\/\/visualmente.com.ar\/ignaciovicente\/producto\/de-la-serie-conexiones-2\/","title":{"rendered":"DE LA SERIE  \u201cCONEXIONES\u201d"},"content":{"rendered":"<p><strong>DIMENSIONES (CM):<\/strong> 100 X 100<\/p>\n<p><strong>T\u00c9CNICA:<\/strong> ACR\u00cdLICO Y ESMALTE SINT\u00c9TICO SOBRE TELA<\/p>\n<p><strong>ENTREGADA<\/strong><\/p>\n","protected":false},"excerpt":{"rendered":"<p>DIMENSIONES (CM): 100 X 100 T\u00c9CNICA: ACR\u00cdLICO Y ESMALTE SINT\u00c9TICO SOBRE TELA ENTREGADA<\/p>\n","protected":false},"featured_media":114,"template":"","meta":{"_et_pb_use_builder":"","_et_pb_old_content":"","_et_gb_content_width":""},"product_brand":[],"product_cat":[18,27],"product_tag":[],"class_list":{"0":"post-107","1":"product","2":"type-product","3":"status-publish","4":"has-post-thumbnail","6":"product_cat-pintura","7":"product_cat-serie-conexioness","9":"first","10":"instock","11":"shipping-taxable","12":"product-type-simple"},"yoast_head":"<!-- This site is optimized with the Yoast SEO plugin v27.4 - https:\/\/yoast.com\/product\/yoast-seo-wordpress\/ -->\n<title>DE LA SERIE \u201cCONEXIONES\u201d - Ignacio Vicente<\/title>\n<meta name=\"robots\" content=\"index, follow, max-snippet:-1, max-image-preview:large, max-video-preview:-1\" \/>\n<link rel=\"canonical\" href=\"https:\/\/visualmente.com.ar\/ignaciovicente\/producto\/de-la-serie-conexiones-2\/\" \/>\n<meta property=\"og:locale\" content=\"es_ES\" \/>\n<meta property=\"og:type\" content=\"article\" \/>\n<meta property=\"og:title\" content=\"DE LA SERIE \u201cCONEXIONES\u201d - Ignacio Vicente\" \/>\n<meta property=\"og:description\" content=\"DIMENSIONES (CM): 100 X 100 T\u00c9CNICA: ACR\u00cdLICO Y ESMALTE SINT\u00c9TICO SOBRE TELA ENTREGADA\" \/>\n<meta property=\"og:url\" content=\"https:\/\/visualmente.com.ar\/ignaciovicente\/producto\/de-la-serie-conexiones-2\/\" \/>\n<meta property=\"og:site_name\" content=\"Ignacio Vicente\" \/>\n<meta property=\"article:modified_time\" content=\"2020-09-28T20:49:46+00:00\" \/>\n<meta property=\"og:image\" content=\"https:\/\/visualmente.com.ar\/ignaciovicente\/wp-content\/uploads\/sites\/6\/2020\/09\/129.jpg\" \/>\n\t<meta property=\"og:image:width\" content=\"1176\" \/>\n\t<meta property=\"og:image:height\" content=\"1367\" \/>\n\t<meta property=\"og:image:type\" content=\"image\/jpeg\" \/>\n<meta name=\"twitter:card\" content=\"summary_large_image\" \/>\n<script type=\"application\/ld+json\" class=\"yoast-schema-graph\">{\"@context\":\"https:\\\/\\\/schema.org\",\"@graph\":[{\"@type\":\"WebPage\",\"@id\":\"https:\\\/\\\/visualmente.com.ar\\\/ignaciovicente\\\/producto\\\/de-la-serie-conexiones-2\\\/\",\"url\":\"https:\\\/\\\/visualmente.com.ar\\\/ignaciovicente\\\/producto\\\/de-la-serie-conexiones-2\\\/\",\"name\":\"DE LA SERIE \u201cCONEXIONES\u201d - Ignacio Vicente\",\"isPartOf\":{\"@id\":\"https:\\\/\\\/visualmente.com.ar\\\/ignaciovicente\\\/#website\"},\"primaryImageOfPage\":{\"@id\":\"https:\\\/\\\/visualmente.com.ar\\\/ignaciovicente\\\/producto\\\/de-la-serie-conexiones-2\\\/#primaryimage\"},\"image\":{\"@id\":\"https:\\\/\\\/visualmente.com.ar\\\/ignaciovicente\\\/producto\\\/de-la-serie-conexiones-2\\\/#primaryimage\"},\"thumbnailUrl\":\"https:\\\/\\\/visualmente.com.ar\\\/ignaciovicente\\\/wp-content\\\/uploads\\\/sites\\\/6\\\/2020\\\/09\\\/129.jpg\",\"datePublished\":\"2020-09-28T20:38:07+00:00\",\"dateModified\":\"2020-09-28T20:49:46+00:00\",\"breadcrumb\":{\"@id\":\"https:\\\/\\\/visualmente.com.ar\\\/ignaciovicente\\\/producto\\\/de-la-serie-conexiones-2\\\/#breadcrumb\"},\"inLanguage\":\"es\",\"potentialAction\":[{\"@type\":\"ReadAction\",\"target\":[\"https:\\\/\\\/visualmente.com.ar\\\/ignaciovicente\\\/producto\\\/de-la-serie-conexiones-2\\\/\"]}]},{\"@type\":\"ImageObject\",\"inLanguage\":\"es\",\"@id\":\"https:\\\/\\\/visualmente.com.ar\\\/ignaciovicente\\\/producto\\\/de-la-serie-conexiones-2\\\/#primaryimage\",\"url\":\"https:\\\/\\\/visualmente.com.ar\\\/ignaciovicente\\\/wp-content\\\/uploads\\\/sites\\\/6\\\/2020\\\/09\\\/129.jpg\",\"contentUrl\":\"https:\\\/\\\/visualmente.com.ar\\\/ignaciovicente\\\/wp-content\\\/uploads\\\/sites\\\/6\\\/2020\\\/09\\\/129.jpg\",\"width\":1176,\"height\":1367},{\"@type\":\"BreadcrumbList\",\"@id\":\"https:\\\/\\\/visualmente.com.ar\\\/ignaciovicente\\\/producto\\\/de-la-serie-conexiones-2\\\/#breadcrumb\",\"itemListElement\":[{\"@type\":\"ListItem\",\"position\":1,\"name\":\"Portada\",\"item\":\"https:\\\/\\\/visualmente.com.ar\\\/ignaciovicente\\\/\"},{\"@type\":\"ListItem\",\"position\":2,\"name\":\"Productos\",\"item\":\"https:\\\/\\\/visualmente.com.ar\\\/ignaciovicente\\\/shop\\\/\"},{\"@type\":\"ListItem\",\"position\":3,\"name\":\"DE LA SERIE \u201cCONEXIONES\u201d\"}]},{\"@type\":\"WebSite\",\"@id\":\"https:\\\/\\\/visualmente.com.ar\\\/ignaciovicente\\\/#website\",\"url\":\"https:\\\/\\\/visualmente.com.ar\\\/ignaciovicente\\\/\",\"name\":\"Ignacio Vicente\",\"description\":\"Artista Pl\u00e1stico\",\"potentialAction\":[{\"@type\":\"SearchAction\",\"target\":{\"@type\":\"EntryPoint\",\"urlTemplate\":\"https:\\\/\\\/visualmente.com.ar\\\/ignaciovicente\\\/?s={search_term_string}\"},\"query-input\":{\"@type\":\"PropertyValueSpecification\",\"valueRequired\":true,\"valueName\":\"search_term_string\"}}],\"inLanguage\":\"es\"}]}<\/script>\n<!-- \/ Yoast SEO plugin. -->","yoast_head_json":{"title":"DE LA SERIE \u201cCONEXIONES\u201d - Ignacio Vicente","robots":{"index":"index","follow":"follow","max-snippet":"max-snippet:-1","max-image-preview":"max-image-preview:large","max-video-preview":"max-video-preview:-1"},"canonical":"https:\/\/visualmente.com.ar\/ignaciovicente\/producto\/de-la-serie-conexiones-2\/","og_locale":"es_ES","og_type":"article","og_title":"DE LA SERIE \u201cCONEXIONES\u201d - Ignacio Vicente","og_description":"DIMENSIONES (CM): 100 X 100 T\u00c9CNICA: ACR\u00cdLICO Y ESMALTE SINT\u00c9TICO SOBRE TELA ENTREGADA","og_url":"https:\/\/visualmente.com.ar\/ignaciovicente\/producto\/de-la-serie-conexiones-2\/","og_site_name":"Ignacio Vicente","article_modified_time":"2020-09-28T20:49:46+00:00","og_image":[{"width":1176,"height":1367,"url":"https:\/\/visualmente.com.ar\/ignaciovicente\/wp-content\/uploads\/sites\/6\/2020\/09\/129.jpg","type":"image\/jpeg"}],"twitter_card":"summary_large_image","schema":{"@context":"https:\/\/schema.org","@graph":[{"@type":"WebPage","@id":"https:\/\/visualmente.com.ar\/ignaciovicente\/producto\/de-la-serie-conexiones-2\/","url":"https:\/\/visualmente.com.ar\/ignaciovicente\/producto\/de-la-serie-conexiones-2\/","name":"DE LA SERIE \u201cCONEXIONES\u201d - Ignacio Vicente","isPartOf":{"@id":"https:\/\/visualmente.com.ar\/ignaciovicente\/#website"},"primaryImageOfPage":{"@id":"https:\/\/visualmente.com.ar\/ignaciovicente\/producto\/de-la-serie-conexiones-2\/#primaryimage"},"image":{"@id":"https:\/\/visualmente.com.ar\/ignaciovicente\/producto\/de-la-serie-conexiones-2\/#primaryimage"},"thumbnailUrl":"https:\/\/visualmente.com.ar\/ignaciovicente\/wp-content\/uploads\/sites\/6\/2020\/09\/129.jpg","datePublished":"2020-09-28T20:38:07+00:00","dateModified":"2020-09-28T20:49:46+00:00","breadcrumb":{"@id":"https:\/\/visualmente.com.ar\/ignaciovicente\/producto\/de-la-serie-conexiones-2\/#breadcrumb"},"inLanguage":"es","potentialAction":[{"@type":"ReadAction","target":["https:\/\/visualmente.com.ar\/ignaciovicente\/producto\/de-la-serie-conexiones-2\/"]}]},{"@type":"ImageObject","inLanguage":"es","@id":"https:\/\/visualmente.com.ar\/ignaciovicente\/producto\/de-la-serie-conexiones-2\/#primaryimage","url":"https:\/\/visualmente.com.ar\/ignaciovicente\/wp-content\/uploads\/sites\/6\/2020\/09\/129.jpg","contentUrl":"https:\/\/visualmente.com.ar\/ignaciovicente\/wp-content\/uploads\/sites\/6\/2020\/09\/129.jpg","width":1176,"height":1367},{"@type":"BreadcrumbList","@id":"https:\/\/visualmente.com.ar\/ignaciovicente\/producto\/de-la-serie-conexiones-2\/#breadcrumb","itemListElement":[{"@type":"ListItem","position":1,"name":"Portada","item":"https:\/\/visualmente.com.ar\/ignaciovicente\/"},{"@type":"ListItem","position":2,"name":"Productos","item":"https:\/\/visualmente.com.ar\/ignaciovicente\/shop\/"},{"@type":"ListItem","position":3,"name":"DE LA SERIE \u201cCONEXIONES\u201d"}]},{"@type":"WebSite","@id":"https:\/\/visualmente.com.ar\/ignaciovicente\/#website","url":"https:\/\/visualmente.com.ar\/ignaciovicente\/","name":"Ignacio Vicente","description":"Artista Pl\u00e1stico","potentialAction":[{"@type":"SearchAction","target":{"@type":"EntryPoint","urlTemplate":"https:\/\/visualmente.com.ar\/ignaciovicente\/?s={search_term_string}"},"query-input":{"@type":"PropertyValueSpecification","valueRequired":true,"valueName":"search_term_string"}}],"inLanguage":"es"}]}},"jetpack_sharing_enabled":true,"_links":{"self":[{"href":"https:\/\/visualmente.com.ar\/ignaciovicente\/wp-json\/wp\/v2\/product\/107","targetHints":{"allow":["GET"]}}],"collection":[{"href":"https:\/\/visualmente.com.ar\/ignaciovicente\/wp-json\/wp\/v2\/product"}],"about":[{"href":"https:\/\/visualmente.com.ar\/ignaciovicente\/wp-json\/wp\/v2\/types\/product"}],"wp:featuredmedia":[{"embeddable":true,"href":"https:\/\/visualmente.com.ar\/ignaciovicente\/wp-json\/wp\/v2\/media\/114"}],"wp:attachment":[{"href":"https:\/\/visualmente.com.ar\/ignaciovicente\/wp-json\/wp\/v2\/media?parent=107"}],"wp:term":[{"taxonomy":"product_brand","embeddable":true,"href":"https:\/\/visualmente.com.ar\/ignaciovicente\/wp-json\/wp\/v2\/product_brand?post=107"},{"taxonomy":"product_cat","embeddable":true,"href":"https:\/\/visualmente.com.ar\/ignaciovicente\/wp-json\/wp\/v2\/product_cat?post=107"},{"taxonomy":"product_tag","embeddable":true,"href":"https:\/\/visualmente.com.ar\/ignaciovicente\/wp-json\/wp\/v2\/product_tag?post=107"}],"curies":[{"name":"wp","href":"https:\/\/api.w.org\/{rel}","templated":true}]}}