{"id":133,"date":"2020-09-28T19:54:07","date_gmt":"2020-09-28T22:54:07","guid":{"rendered":"https:\/\/ignaciovicente.com.ar\/?post_type=product&#038;p=133"},"modified":"2020-09-28T20:06:40","modified_gmt":"2020-09-28T23:06:40","slug":"imagenes-microscopicas-copia","status":"publish","type":"product","link":"https:\/\/visualmente.com.ar\/ignaciovicente\/producto\/imagenes-microscopicas-copia\/","title":{"rendered":"IM\u00c1GENES MICROSC\u00d3PICAS"},"content":{"rendered":"<p><strong>DIMENSIONES (CM):<\/strong> 30 X 30<\/p>\n<p><strong>T\u00c9CNICA:<\/strong> ACR\u00cdLICO SOBRE TELA<\/p>\n<p><strong>PRECIO: $2000<\/strong><\/p>\n","protected":false},"excerpt":{"rendered":"<p>DIMENSIONES (CM): 30 X 30 T\u00c9CNICA: ACR\u00cdLICO SOBRE TELA PRECIO: $2000<\/p>\n","protected":false},"featured_media":136,"template":"","meta":{"_et_pb_use_builder":"","_et_pb_old_content":"","_et_gb_content_width":""},"product_brand":[],"product_cat":[18,31],"product_tag":[],"class_list":{"0":"post-133","1":"product","2":"type-product","3":"status-publish","4":"has-post-thumbnail","6":"product_cat-pintura","7":"product_cat-serie-imagenes-microscopicas","9":"first","10":"instock","11":"shipping-taxable","12":"product-type-simple"},"yoast_head":"<!-- This site is optimized with the Yoast SEO plugin v27.4 - https:\/\/yoast.com\/product\/yoast-seo-wordpress\/ -->\n<title>IM\u00c1GENES MICROSC\u00d3PICAS - Ignacio Vicente<\/title>\n<meta name=\"robots\" content=\"index, follow, max-snippet:-1, max-image-preview:large, max-video-preview:-1\" \/>\n<link rel=\"canonical\" href=\"https:\/\/visualmente.com.ar\/ignaciovicente\/producto\/imagenes-microscopicas-copia\/\" \/>\n<meta property=\"og:locale\" content=\"es_ES\" \/>\n<meta property=\"og:type\" content=\"article\" \/>\n<meta property=\"og:title\" content=\"IM\u00c1GENES MICROSC\u00d3PICAS - Ignacio Vicente\" \/>\n<meta property=\"og:description\" content=\"DIMENSIONES (CM): 30 X 30 T\u00c9CNICA: ACR\u00cdLICO SOBRE TELA PRECIO: $2000\" \/>\n<meta property=\"og:url\" content=\"https:\/\/visualmente.com.ar\/ignaciovicente\/producto\/imagenes-microscopicas-copia\/\" \/>\n<meta property=\"og:site_name\" content=\"Ignacio Vicente\" \/>\n<meta property=\"article:modified_time\" content=\"2020-09-28T23:06:40+00:00\" \/>\n<meta property=\"og:image\" content=\"https:\/\/visualmente.com.ar\/ignaciovicente\/wp-content\/uploads\/sites\/6\/2020\/09\/742-scaled.jpg\" \/>\n\t<meta property=\"og:image:width\" content=\"2526\" \/>\n\t<meta property=\"og:image:height\" content=\"2560\" \/>\n\t<meta property=\"og:image:type\" content=\"image\/jpeg\" \/>\n<meta name=\"twitter:card\" content=\"summary_large_image\" \/>\n<script type=\"application\/ld+json\" class=\"yoast-schema-graph\">{\"@context\":\"https:\\\/\\\/schema.org\",\"@graph\":[{\"@type\":\"WebPage\",\"@id\":\"https:\\\/\\\/visualmente.com.ar\\\/ignaciovicente\\\/producto\\\/imagenes-microscopicas-copia\\\/\",\"url\":\"https:\\\/\\\/visualmente.com.ar\\\/ignaciovicente\\\/producto\\\/imagenes-microscopicas-copia\\\/\",\"name\":\"IM\u00c1GENES MICROSC\u00d3PICAS - Ignacio Vicente\",\"isPartOf\":{\"@id\":\"https:\\\/\\\/visualmente.com.ar\\\/ignaciovicente\\\/#website\"},\"primaryImageOfPage\":{\"@id\":\"https:\\\/\\\/visualmente.com.ar\\\/ignaciovicente\\\/producto\\\/imagenes-microscopicas-copia\\\/#primaryimage\"},\"image\":{\"@id\":\"https:\\\/\\\/visualmente.com.ar\\\/ignaciovicente\\\/producto\\\/imagenes-microscopicas-copia\\\/#primaryimage\"},\"thumbnailUrl\":\"https:\\\/\\\/visualmente.com.ar\\\/ignaciovicente\\\/wp-content\\\/uploads\\\/sites\\\/6\\\/2020\\\/09\\\/742-scaled.jpg\",\"datePublished\":\"2020-09-28T22:54:07+00:00\",\"dateModified\":\"2020-09-28T23:06:40+00:00\",\"breadcrumb\":{\"@id\":\"https:\\\/\\\/visualmente.com.ar\\\/ignaciovicente\\\/producto\\\/imagenes-microscopicas-copia\\\/#breadcrumb\"},\"inLanguage\":\"es\",\"potentialAction\":[{\"@type\":\"ReadAction\",\"target\":[\"https:\\\/\\\/visualmente.com.ar\\\/ignaciovicente\\\/producto\\\/imagenes-microscopicas-copia\\\/\"]}]},{\"@type\":\"ImageObject\",\"inLanguage\":\"es\",\"@id\":\"https:\\\/\\\/visualmente.com.ar\\\/ignaciovicente\\\/producto\\\/imagenes-microscopicas-copia\\\/#primaryimage\",\"url\":\"https:\\\/\\\/visualmente.com.ar\\\/ignaciovicente\\\/wp-content\\\/uploads\\\/sites\\\/6\\\/2020\\\/09\\\/742-scaled.jpg\",\"contentUrl\":\"https:\\\/\\\/visualmente.com.ar\\\/ignaciovicente\\\/wp-content\\\/uploads\\\/sites\\\/6\\\/2020\\\/09\\\/742-scaled.jpg\",\"width\":2526,\"height\":2560},{\"@type\":\"BreadcrumbList\",\"@id\":\"https:\\\/\\\/visualmente.com.ar\\\/ignaciovicente\\\/producto\\\/imagenes-microscopicas-copia\\\/#breadcrumb\",\"itemListElement\":[{\"@type\":\"ListItem\",\"position\":1,\"name\":\"Portada\",\"item\":\"https:\\\/\\\/visualmente.com.ar\\\/ignaciovicente\\\/\"},{\"@type\":\"ListItem\",\"position\":2,\"name\":\"Productos\",\"item\":\"https:\\\/\\\/visualmente.com.ar\\\/ignaciovicente\\\/shop\\\/\"},{\"@type\":\"ListItem\",\"position\":3,\"name\":\"IM\u00c1GENES MICROSC\u00d3PICAS\"}]},{\"@type\":\"WebSite\",\"@id\":\"https:\\\/\\\/visualmente.com.ar\\\/ignaciovicente\\\/#website\",\"url\":\"https:\\\/\\\/visualmente.com.ar\\\/ignaciovicente\\\/\",\"name\":\"Ignacio Vicente\",\"description\":\"Artista Pl\u00e1stico\",\"potentialAction\":[{\"@type\":\"SearchAction\",\"target\":{\"@type\":\"EntryPoint\",\"urlTemplate\":\"https:\\\/\\\/visualmente.com.ar\\\/ignaciovicente\\\/?s={search_term_string}\"},\"query-input\":{\"@type\":\"PropertyValueSpecification\",\"valueRequired\":true,\"valueName\":\"search_term_string\"}}],\"inLanguage\":\"es\"}]}<\/script>\n<!-- \/ Yoast SEO plugin. -->","yoast_head_json":{"title":"IM\u00c1GENES MICROSC\u00d3PICAS - Ignacio Vicente","robots":{"index":"index","follow":"follow","max-snippet":"max-snippet:-1","max-image-preview":"max-image-preview:large","max-video-preview":"max-video-preview:-1"},"canonical":"https:\/\/visualmente.com.ar\/ignaciovicente\/producto\/imagenes-microscopicas-copia\/","og_locale":"es_ES","og_type":"article","og_title":"IM\u00c1GENES MICROSC\u00d3PICAS - Ignacio Vicente","og_description":"DIMENSIONES (CM): 30 X 30 T\u00c9CNICA: ACR\u00cdLICO SOBRE TELA PRECIO: $2000","og_url":"https:\/\/visualmente.com.ar\/ignaciovicente\/producto\/imagenes-microscopicas-copia\/","og_site_name":"Ignacio Vicente","article_modified_time":"2020-09-28T23:06:40+00:00","og_image":[{"width":2526,"height":2560,"url":"https:\/\/visualmente.com.ar\/ignaciovicente\/wp-content\/uploads\/sites\/6\/2020\/09\/742-scaled.jpg","type":"image\/jpeg"}],"twitter_card":"summary_large_image","schema":{"@context":"https:\/\/schema.org","@graph":[{"@type":"WebPage","@id":"https:\/\/visualmente.com.ar\/ignaciovicente\/producto\/imagenes-microscopicas-copia\/","url":"https:\/\/visualmente.com.ar\/ignaciovicente\/producto\/imagenes-microscopicas-copia\/","name":"IM\u00c1GENES MICROSC\u00d3PICAS - Ignacio Vicente","isPartOf":{"@id":"https:\/\/visualmente.com.ar\/ignaciovicente\/#website"},"primaryImageOfPage":{"@id":"https:\/\/visualmente.com.ar\/ignaciovicente\/producto\/imagenes-microscopicas-copia\/#primaryimage"},"image":{"@id":"https:\/\/visualmente.com.ar\/ignaciovicente\/producto\/imagenes-microscopicas-copia\/#primaryimage"},"thumbnailUrl":"https:\/\/visualmente.com.ar\/ignaciovicente\/wp-content\/uploads\/sites\/6\/2020\/09\/742-scaled.jpg","datePublished":"2020-09-28T22:54:07+00:00","dateModified":"2020-09-28T23:06:40+00:00","breadcrumb":{"@id":"https:\/\/visualmente.com.ar\/ignaciovicente\/producto\/imagenes-microscopicas-copia\/#breadcrumb"},"inLanguage":"es","potentialAction":[{"@type":"ReadAction","target":["https:\/\/visualmente.com.ar\/ignaciovicente\/producto\/imagenes-microscopicas-copia\/"]}]},{"@type":"ImageObject","inLanguage":"es","@id":"https:\/\/visualmente.com.ar\/ignaciovicente\/producto\/imagenes-microscopicas-copia\/#primaryimage","url":"https:\/\/visualmente.com.ar\/ignaciovicente\/wp-content\/uploads\/sites\/6\/2020\/09\/742-scaled.jpg","contentUrl":"https:\/\/visualmente.com.ar\/ignaciovicente\/wp-content\/uploads\/sites\/6\/2020\/09\/742-scaled.jpg","width":2526,"height":2560},{"@type":"BreadcrumbList","@id":"https:\/\/visualmente.com.ar\/ignaciovicente\/producto\/imagenes-microscopicas-copia\/#breadcrumb","itemListElement":[{"@type":"ListItem","position":1,"name":"Portada","item":"https:\/\/visualmente.com.ar\/ignaciovicente\/"},{"@type":"ListItem","position":2,"name":"Productos","item":"https:\/\/visualmente.com.ar\/ignaciovicente\/shop\/"},{"@type":"ListItem","position":3,"name":"IM\u00c1GENES MICROSC\u00d3PICAS"}]},{"@type":"WebSite","@id":"https:\/\/visualmente.com.ar\/ignaciovicente\/#website","url":"https:\/\/visualmente.com.ar\/ignaciovicente\/","name":"Ignacio Vicente","description":"Artista Pl\u00e1stico","potentialAction":[{"@type":"SearchAction","target":{"@type":"EntryPoint","urlTemplate":"https:\/\/visualmente.com.ar\/ignaciovicente\/?s={search_term_string}"},"query-input":{"@type":"PropertyValueSpecification","valueRequired":true,"valueName":"search_term_string"}}],"inLanguage":"es"}]}},"jetpack_sharing_enabled":true,"_links":{"self":[{"href":"https:\/\/visualmente.com.ar\/ignaciovicente\/wp-json\/wp\/v2\/product\/133","targetHints":{"allow":["GET"]}}],"collection":[{"href":"https:\/\/visualmente.com.ar\/ignaciovicente\/wp-json\/wp\/v2\/product"}],"about":[{"href":"https:\/\/visualmente.com.ar\/ignaciovicente\/wp-json\/wp\/v2\/types\/product"}],"wp:featuredmedia":[{"embeddable":true,"href":"https:\/\/visualmente.com.ar\/ignaciovicente\/wp-json\/wp\/v2\/media\/136"}],"wp:attachment":[{"href":"https:\/\/visualmente.com.ar\/ignaciovicente\/wp-json\/wp\/v2\/media?parent=133"}],"wp:term":[{"taxonomy":"product_brand","embeddable":true,"href":"https:\/\/visualmente.com.ar\/ignaciovicente\/wp-json\/wp\/v2\/product_brand?post=133"},{"taxonomy":"product_cat","embeddable":true,"href":"https:\/\/visualmente.com.ar\/ignaciovicente\/wp-json\/wp\/v2\/product_cat?post=133"},{"taxonomy":"product_tag","embeddable":true,"href":"https:\/\/visualmente.com.ar\/ignaciovicente\/wp-json\/wp\/v2\/product_tag?post=133"}],"curies":[{"name":"wp","href":"https:\/\/api.w.org\/{rel}","templated":true}]}}