{"id":92,"date":"2020-09-28T17:05:37","date_gmt":"2020-09-28T20:05:37","guid":{"rendered":"https:\/\/ignaciovicente.com.ar\/?post_type=product&#038;p=92"},"modified":"2020-11-04T10:59:07","modified_gmt":"2020-11-04T13:59:07","slug":"s-t","status":"publish","type":"product","link":"https:\/\/visualmente.com.ar\/ignaciovicente\/producto\/s-t\/","title":{"rendered":"S\/T"},"content":{"rendered":"<p><strong>(S\u00d3LO PARA OBRAS DE LA CATEGOR\u00cdA CER\u00c1MICA)<\/strong><\/p>\n<p><strong>EN ESTE ESPACIO SE PUEDE ESCRIBIR UNA DESCRIPCI\u00d3N LARGA. LA IDEA ES PODER CONTAR CON PALABRAS LA HISTORIA QUE ESTAMOS MOSTRANDO EN LAS IM\u00c1GENES.<\/strong><\/p>\n<p>SIEMPRE SE DEBE CARGAR UNA IMAGEN PRINCIPAL EN EL CAMPO \u00abESTABLECER IMAGEN DEL PRODUCTO\u00bb<\/p>\n<p>EL RESTO DE LAS IM\u00c1GENES A MOSTRAR DEBEN CARGARSE EN EL \u00c1REA \u00abGALER\u00cdA DEL PRODUCTO\u00bb<\/p>\n<p><strong>T\u00c9CNICA:<\/strong> CER\u00c1MICA ESMALTADA<\/p>\n<p><strong>DIMENSIONES (CM):<\/strong><\/p>\n<p><strong>PRECIO:<\/strong> $2000<\/p>\n","protected":false},"excerpt":{"rendered":"<p>(S\u00d3LO PARA OBRAS DE LA CATEGOR\u00cdA CER\u00c1MICA) EN ESTE ESPACIO SE PUEDE ESCRIBIR UNA DESCRIPCI\u00d3N LARGA. LA IDEA ES PODER CONTAR CON PALABRAS LA HISTORIA QUE ESTAMOS MOSTRANDO EN LAS IM\u00c1GENES. SIEMPRE SE DEBE CARGAR UNA IMAGEN PRINCIPAL EN EL CAMPO \u00abESTABLECER IMAGEN DEL PRODUCTO\u00bb EL RESTO DE LAS IM\u00c1GENES A MOSTRAR DEBEN CARGARSE EN [&hellip;]<\/p>\n","protected":false},"featured_media":93,"template":"","meta":{"_et_pb_use_builder":"off","_et_pb_old_content":"<strong>T\u00c9CNICA:<\/strong> CER\u00c1MICA ESMALTADA\r\n<strong>DIMENSIONES (CM):<\/strong>\r\n<strong>PRECIO:<\/strong> $2000","_et_gb_content_width":""},"product_brand":[],"product_cat":[20],"product_tag":[],"class_list":{"0":"post-92","1":"product","2":"type-product","3":"status-publish","4":"has-post-thumbnail","6":"product_cat-ceramica","8":"first","9":"instock","10":"shipping-taxable","11":"product-type-simple"},"yoast_head":"<!-- This site is optimized with the Yoast SEO plugin v27.4 - https:\/\/yoast.com\/product\/yoast-seo-wordpress\/ -->\n<title>S\/T - Ignacio Vicente<\/title>\n<meta name=\"robots\" content=\"index, follow, max-snippet:-1, max-image-preview:large, max-video-preview:-1\" \/>\n<link rel=\"canonical\" href=\"https:\/\/visualmente.com.ar\/ignaciovicente\/producto\/s-t\/\" \/>\n<meta property=\"og:locale\" content=\"es_ES\" \/>\n<meta property=\"og:type\" content=\"article\" \/>\n<meta property=\"og:title\" content=\"S\/T - Ignacio Vicente\" \/>\n<meta property=\"og:description\" content=\"(S\u00d3LO PARA OBRAS DE LA CATEGOR\u00cdA CER\u00c1MICA) EN ESTE ESPACIO SE PUEDE ESCRIBIR UNA DESCRIPCI\u00d3N LARGA. LA IDEA ES PODER CONTAR CON PALABRAS LA HISTORIA QUE ESTAMOS MOSTRANDO EN LAS IM\u00c1GENES. SIEMPRE SE DEBE CARGAR UNA IMAGEN PRINCIPAL EN EL CAMPO \u00abESTABLECER IMAGEN DEL PRODUCTO\u00bb EL RESTO DE LAS IM\u00c1GENES A MOSTRAR DEBEN CARGARSE EN [&hellip;]\" \/>\n<meta property=\"og:url\" content=\"https:\/\/visualmente.com.ar\/ignaciovicente\/producto\/s-t\/\" \/>\n<meta property=\"og:site_name\" content=\"Ignacio Vicente\" \/>\n<meta property=\"article:modified_time\" content=\"2020-11-04T13:59:07+00:00\" \/>\n<meta property=\"og:image\" content=\"https:\/\/visualmente.com.ar\/ignaciovicente\/wp-content\/uploads\/sites\/6\/2020\/09\/ceramica-scaled.jpg\" \/>\n\t<meta property=\"og:image:width\" content=\"2560\" \/>\n\t<meta property=\"og:image:height\" content=\"2462\" \/>\n\t<meta property=\"og:image:type\" content=\"image\/jpeg\" \/>\n<meta name=\"twitter:card\" content=\"summary_large_image\" \/>\n<script type=\"application\/ld+json\" class=\"yoast-schema-graph\">{\"@context\":\"https:\\\/\\\/schema.org\",\"@graph\":[{\"@type\":\"WebPage\",\"@id\":\"https:\\\/\\\/visualmente.com.ar\\\/ignaciovicente\\\/producto\\\/s-t\\\/\",\"url\":\"https:\\\/\\\/visualmente.com.ar\\\/ignaciovicente\\\/producto\\\/s-t\\\/\",\"name\":\"S\\\/T - Ignacio Vicente\",\"isPartOf\":{\"@id\":\"https:\\\/\\\/visualmente.com.ar\\\/ignaciovicente\\\/#website\"},\"primaryImageOfPage\":{\"@id\":\"https:\\\/\\\/visualmente.com.ar\\\/ignaciovicente\\\/producto\\\/s-t\\\/#primaryimage\"},\"image\":{\"@id\":\"https:\\\/\\\/visualmente.com.ar\\\/ignaciovicente\\\/producto\\\/s-t\\\/#primaryimage\"},\"thumbnailUrl\":\"https:\\\/\\\/visualmente.com.ar\\\/ignaciovicente\\\/wp-content\\\/uploads\\\/sites\\\/6\\\/2020\\\/09\\\/ceramica-scaled.jpg\",\"datePublished\":\"2020-09-28T20:05:37+00:00\",\"dateModified\":\"2020-11-04T13:59:07+00:00\",\"breadcrumb\":{\"@id\":\"https:\\\/\\\/visualmente.com.ar\\\/ignaciovicente\\\/producto\\\/s-t\\\/#breadcrumb\"},\"inLanguage\":\"es\",\"potentialAction\":[{\"@type\":\"ReadAction\",\"target\":[\"https:\\\/\\\/visualmente.com.ar\\\/ignaciovicente\\\/producto\\\/s-t\\\/\"]}]},{\"@type\":\"ImageObject\",\"inLanguage\":\"es\",\"@id\":\"https:\\\/\\\/visualmente.com.ar\\\/ignaciovicente\\\/producto\\\/s-t\\\/#primaryimage\",\"url\":\"https:\\\/\\\/visualmente.com.ar\\\/ignaciovicente\\\/wp-content\\\/uploads\\\/sites\\\/6\\\/2020\\\/09\\\/ceramica-scaled.jpg\",\"contentUrl\":\"https:\\\/\\\/visualmente.com.ar\\\/ignaciovicente\\\/wp-content\\\/uploads\\\/sites\\\/6\\\/2020\\\/09\\\/ceramica-scaled.jpg\",\"width\":2560,\"height\":2462},{\"@type\":\"BreadcrumbList\",\"@id\":\"https:\\\/\\\/visualmente.com.ar\\\/ignaciovicente\\\/producto\\\/s-t\\\/#breadcrumb\",\"itemListElement\":[{\"@type\":\"ListItem\",\"position\":1,\"name\":\"Portada\",\"item\":\"https:\\\/\\\/visualmente.com.ar\\\/ignaciovicente\\\/\"},{\"@type\":\"ListItem\",\"position\":2,\"name\":\"Productos\",\"item\":\"https:\\\/\\\/visualmente.com.ar\\\/ignaciovicente\\\/shop\\\/\"},{\"@type\":\"ListItem\",\"position\":3,\"name\":\"S\\\/T\"}]},{\"@type\":\"WebSite\",\"@id\":\"https:\\\/\\\/visualmente.com.ar\\\/ignaciovicente\\\/#website\",\"url\":\"https:\\\/\\\/visualmente.com.ar\\\/ignaciovicente\\\/\",\"name\":\"Ignacio Vicente\",\"description\":\"Artista Pl\u00e1stico\",\"potentialAction\":[{\"@type\":\"SearchAction\",\"target\":{\"@type\":\"EntryPoint\",\"urlTemplate\":\"https:\\\/\\\/visualmente.com.ar\\\/ignaciovicente\\\/?s={search_term_string}\"},\"query-input\":{\"@type\":\"PropertyValueSpecification\",\"valueRequired\":true,\"valueName\":\"search_term_string\"}}],\"inLanguage\":\"es\"}]}<\/script>\n<!-- \/ Yoast SEO plugin. -->","yoast_head_json":{"title":"S\/T - Ignacio Vicente","robots":{"index":"index","follow":"follow","max-snippet":"max-snippet:-1","max-image-preview":"max-image-preview:large","max-video-preview":"max-video-preview:-1"},"canonical":"https:\/\/visualmente.com.ar\/ignaciovicente\/producto\/s-t\/","og_locale":"es_ES","og_type":"article","og_title":"S\/T - Ignacio Vicente","og_description":"(S\u00d3LO PARA OBRAS DE LA CATEGOR\u00cdA CER\u00c1MICA) EN ESTE ESPACIO SE PUEDE ESCRIBIR UNA DESCRIPCI\u00d3N LARGA. LA IDEA ES PODER CONTAR CON PALABRAS LA HISTORIA QUE ESTAMOS MOSTRANDO EN LAS IM\u00c1GENES. SIEMPRE SE DEBE CARGAR UNA IMAGEN PRINCIPAL EN EL CAMPO \u00abESTABLECER IMAGEN DEL PRODUCTO\u00bb EL RESTO DE LAS IM\u00c1GENES A MOSTRAR DEBEN CARGARSE EN [&hellip;]","og_url":"https:\/\/visualmente.com.ar\/ignaciovicente\/producto\/s-t\/","og_site_name":"Ignacio Vicente","article_modified_time":"2020-11-04T13:59:07+00:00","og_image":[{"width":2560,"height":2462,"url":"https:\/\/visualmente.com.ar\/ignaciovicente\/wp-content\/uploads\/sites\/6\/2020\/09\/ceramica-scaled.jpg","type":"image\/jpeg"}],"twitter_card":"summary_large_image","schema":{"@context":"https:\/\/schema.org","@graph":[{"@type":"WebPage","@id":"https:\/\/visualmente.com.ar\/ignaciovicente\/producto\/s-t\/","url":"https:\/\/visualmente.com.ar\/ignaciovicente\/producto\/s-t\/","name":"S\/T - Ignacio Vicente","isPartOf":{"@id":"https:\/\/visualmente.com.ar\/ignaciovicente\/#website"},"primaryImageOfPage":{"@id":"https:\/\/visualmente.com.ar\/ignaciovicente\/producto\/s-t\/#primaryimage"},"image":{"@id":"https:\/\/visualmente.com.ar\/ignaciovicente\/producto\/s-t\/#primaryimage"},"thumbnailUrl":"https:\/\/visualmente.com.ar\/ignaciovicente\/wp-content\/uploads\/sites\/6\/2020\/09\/ceramica-scaled.jpg","datePublished":"2020-09-28T20:05:37+00:00","dateModified":"2020-11-04T13:59:07+00:00","breadcrumb":{"@id":"https:\/\/visualmente.com.ar\/ignaciovicente\/producto\/s-t\/#breadcrumb"},"inLanguage":"es","potentialAction":[{"@type":"ReadAction","target":["https:\/\/visualmente.com.ar\/ignaciovicente\/producto\/s-t\/"]}]},{"@type":"ImageObject","inLanguage":"es","@id":"https:\/\/visualmente.com.ar\/ignaciovicente\/producto\/s-t\/#primaryimage","url":"https:\/\/visualmente.com.ar\/ignaciovicente\/wp-content\/uploads\/sites\/6\/2020\/09\/ceramica-scaled.jpg","contentUrl":"https:\/\/visualmente.com.ar\/ignaciovicente\/wp-content\/uploads\/sites\/6\/2020\/09\/ceramica-scaled.jpg","width":2560,"height":2462},{"@type":"BreadcrumbList","@id":"https:\/\/visualmente.com.ar\/ignaciovicente\/producto\/s-t\/#breadcrumb","itemListElement":[{"@type":"ListItem","position":1,"name":"Portada","item":"https:\/\/visualmente.com.ar\/ignaciovicente\/"},{"@type":"ListItem","position":2,"name":"Productos","item":"https:\/\/visualmente.com.ar\/ignaciovicente\/shop\/"},{"@type":"ListItem","position":3,"name":"S\/T"}]},{"@type":"WebSite","@id":"https:\/\/visualmente.com.ar\/ignaciovicente\/#website","url":"https:\/\/visualmente.com.ar\/ignaciovicente\/","name":"Ignacio Vicente","description":"Artista Pl\u00e1stico","potentialAction":[{"@type":"SearchAction","target":{"@type":"EntryPoint","urlTemplate":"https:\/\/visualmente.com.ar\/ignaciovicente\/?s={search_term_string}"},"query-input":{"@type":"PropertyValueSpecification","valueRequired":true,"valueName":"search_term_string"}}],"inLanguage":"es"}]}},"jetpack_sharing_enabled":true,"_links":{"self":[{"href":"https:\/\/visualmente.com.ar\/ignaciovicente\/wp-json\/wp\/v2\/product\/92","targetHints":{"allow":["GET"]}}],"collection":[{"href":"https:\/\/visualmente.com.ar\/ignaciovicente\/wp-json\/wp\/v2\/product"}],"about":[{"href":"https:\/\/visualmente.com.ar\/ignaciovicente\/wp-json\/wp\/v2\/types\/product"}],"wp:featuredmedia":[{"embeddable":true,"href":"https:\/\/visualmente.com.ar\/ignaciovicente\/wp-json\/wp\/v2\/media\/93"}],"wp:attachment":[{"href":"https:\/\/visualmente.com.ar\/ignaciovicente\/wp-json\/wp\/v2\/media?parent=92"}],"wp:term":[{"taxonomy":"product_brand","embeddable":true,"href":"https:\/\/visualmente.com.ar\/ignaciovicente\/wp-json\/wp\/v2\/product_brand?post=92"},{"taxonomy":"product_cat","embeddable":true,"href":"https:\/\/visualmente.com.ar\/ignaciovicente\/wp-json\/wp\/v2\/product_cat?post=92"},{"taxonomy":"product_tag","embeddable":true,"href":"https:\/\/visualmente.com.ar\/ignaciovicente\/wp-json\/wp\/v2\/product_tag?post=92"}],"curies":[{"name":"wp","href":"https:\/\/api.w.org\/{rel}","templated":true}]}}